{"id":240,"date":"2017-01-21T12:48:47","date_gmt":"2017-01-21T17:48:47","guid":{"rendered":"http:\/\/pobladoambiental.com\/?page_id=240"},"modified":"2021-03-15T12:41:35","modified_gmt":"2021-03-15T17:41:35","slug":"historia","status":"publish","type":"page","link":"https:\/\/pobladoambiental.com\/?page_id=240","title":{"rendered":"HISTORIA"},"content":{"rendered":"<p><section  class=\" section-header-styled section-text-white section-bg-image section-height-lg parallax filter\" style=\"background-image: url(\/\/pobladoambiental.com\/wp-content\/uploads\/2017\/02\/slide-9.jpg); \">\n\t\t\t\t<div class=\"container-fluid\">\n\t\t\n<div class=\"row\">\n\t\n<div class=\"col-md-12   sh-219c2ad0d27838a59528983b432c4657\">\n\t<div class=\"fly-col-inner none\" >\n\t\t<div class=\" custom-space \" style=\"height:200px;\"><\/div>\t<\/div>\n<\/div>\n\n<\/div>\n\n\n<div class=\"row\">\n\t\n<div class=\"col-md-12   sh-219c2ad0d27838a59528983b432c4657\">\n\t<div class=\"fly-col-inner none\" >\n\t\t<div class=\"fw-heading  sh-d232b6625471c7ce6844429847f31869 fw-heading-h1 fw-heading-center\">\n\t\t<h1 class='fw-special-title'>HISTORIA<\/h1>\t\t\t<div class=\"separator separator-danger\">\u2666<\/div>\n\t\t\t\t<div class=\"description\">Mesa Ambiental El Poblado<\/div>\n\t<\/div>\t<\/div>\n<\/div>\n\n<\/div>\n\n\n<div class=\"row\">\n\t\n<div class=\"col-md-12   sh-219c2ad0d27838a59528983b432c4657\">\n\t<div class=\"fly-col-inner none\" >\n\t\t<div class=\"space-md \" ><\/div>\t<\/div>\n<\/div>\n\n<\/div>\n\n\t<\/div>\n<\/section>\n<section  class=\" auto\" style=\" \">\n\t\t\t\t<div class=\"container\">\n\t\t\n<div class=\"row\">\n\t\n<div class=\"col-md-12   sh-219c2ad0d27838a59528983b432c4657\">\n\t<div class=\"fly-col-inner none\" >\n\t\t<div class=\"space-md \" ><\/div>\t<\/div>\n<\/div>\n\n<\/div>\n\n\n<div class=\"row\">\n\t\n<div class=\"col-md-12   sh-219c2ad0d27838a59528983b432c4657\">\n\t<div class=\"fly-col-inner none\" >\n\t\t<div class=\"fw-heading  sh-cb1adea0d416ecd4ad5c69941dad7353 fw-heading-h2 fw-heading-center\">\n\t\t<h2 class='fw-special-title'>PLATAFORMA ESTRATEGICA<\/h2>\t\t\t<div class=\"separator separator-danger\">\u2666<\/div>\n\t\t\t\t<div class=\"description\">La plataforma estrat\u00e9gica integra la raz\u00f3n de ser de la mesa, sus objetivos, valores, sus aspiraciones, funciones y estructura.<\/div>\n\t<\/div>\t<\/div>\n<\/div>\n\n<\/div>\n\n\n<div class=\"row\">\n\t\n<div class=\"col-md-12   sh-219c2ad0d27838a59528983b432c4657\">\n\t<div class=\"fly-col-inner none\" >\n\t\t<div class=\"space-md \" ><\/div>\t<\/div>\n<\/div>\n\n<\/div>\n\n\n<div class=\"row\">\n\t\n<div class=\"col-md-4 col-sm-4  sh-2673f50d09fd946d67afb033441f5b57\">\n\t<div class=\"fly-col-inner none\" >\n\t\t<!-- Service -->\n<div class=\"fw-service info-icon  sh-92a61b8b127f29ecb788375d334a7ba6\">\n\t<div class=\"inner\">\n\t\t\t\t\t<div class=\"icon\">\n\t\t\t\t<i class=\"fa fa-angle-double-down\" style=\"color: #00a98f;\"><\/i>\n\t\t\t<\/div>\n\t\t\n\t\t\t\t\t<h3 class=\"fw-service-title\">BASES LEGALES<\/h3>\n\t\t\n\t\t\t\t\t<div class=\"description\">\n\t\t\t\t<p>Acuerdo 003 de 2009, por medio del cual se crean y reglamentan las Mesas Ambientales en el Municipio de Medell\u00edn, se modifican parcialmente los art\u00edculos 24 y 28 del Acuerdo 21 de Julio de 2.007, se institucionalizan los Foros Ambientales en ciudad de Medell\u00edn y otros cert\u00e1menes.<\/p>\t\t\t<\/div>\n\t\t\t<\/div>\n<\/div>\n<!-- Service -->\t<\/div>\n<\/div>\n\n\n<div class=\"col-md-4   sh-6327d1c7bf2380ff31feb5a8dc709fd6\">\n\t<div class=\"fly-col-inner none\" >\n\t\t<!-- Service -->\n<div class=\"fw-service info-icon  sh-3b6722bb58636aeb9d7ac2bd7e233211\">\n\t<div class=\"inner\">\n\t\t\t\t\t<div class=\"icon\">\n\t\t\t\t<i class=\"fa fa-angle-double-down\" style=\"color: #00a98f;\"><\/i>\n\t\t\t<\/div>\n\t\t\n\t\t\t\t\t<h3 class=\"fw-service-title\">MISI\u00d3N<\/h3>\n\t\t\n\t\t\t\t\t<div class=\"description\">\n\t\t\t\t<p>Somos una instancia de gesti\u00f3n y acompa\u00f1amiento participativo para el fomento de la cultura y el desarrollo sostenible en la comuna 14 \u2013 El Poblado de la ciudad de Medell\u00edn.<\/p>\t\t\t<\/div>\n\t\t\t<\/div>\n<\/div>\n<!-- Service -->\t<\/div>\n<\/div>\n\n\n<div class=\"col-md-4   sh-5dee709ff96a6a63088d9f12d933d2ef\">\n\t<div class=\"fly-col-inner none\" >\n\t\t<!-- Service -->\n<div class=\"fw-service info-icon  sh-3e098896de7cab2370728b2f80bcc9ef\">\n\t<div class=\"inner\">\n\t\t\t\t\t<div class=\"icon\">\n\t\t\t\t<i class=\"fa fa-angle-double-down\" style=\"color: #00a98f;\"><\/i>\n\t\t\t<\/div>\n\t\t\n\t\t\t\t\t<h3 class=\"fw-service-title\">VISI\u00d3N<\/h3>\n\t\t\n\t\t\t\t\t<div class=\"description\">\n\t\t\t\t<p>En el 2025 seremos la mesa ambiental m\u00e1s representativa por la gesti\u00f3n e impulso de estrategias socio-ambientales que apunten a la transformaci\u00f3n de la cultura ambiental en el \u00e1mbito municipal, departamental y nacional.<\/p>\t\t\t<\/div>\n\t\t\t<\/div>\n<\/div>\n<!-- Service -->\t<\/div>\n<\/div>\n\n<\/div>\n\n\n<div class=\"row\">\n\t\n<div class=\"col-md-12   sh-219c2ad0d27838a59528983b432c4657\">\n\t<div class=\"fly-col-inner none\" >\n\t\t<div class=\"space-md \" ><\/div>\t<\/div>\n<\/div>\n\n<\/div>\n\n\n<div class=\"row\">\n\t\n<div class=\"col-md-12   sh-219c2ad0d27838a59528983b432c4657\">\n\t<div class=\"fly-col-inner none\" >\n\t\t<!-- Gallery -->\n<div class=\"fly-gallery sh-6134f0a3ba4a06aa49ff692313258fe2  columns4\">\n\t<ul class=\"fly-gallery-items\">\n\t\t\t\t\t<li class=\"fly-gallery-item height2\">\n\t\t\t\t\t\t\t\t\t<a data-rel=\"g-6134f0a3ba4a06aa49ff692313258fe2\" href=\"\/\/pobladoambiental.com\/wp-content\/uploads\/2021\/03\/REUNIONES20150205_180110.jpg\" title=\"\" class=\"item-link swipebox\">\n\t\t\t\t\t\t<span class=\"item-image\" style=\"background-image: url(\/\/pobladoambiental.com\/wp-content\/uploads\/2021\/03\/REUNIONES20150205_180110.jpg);\"><\/span>\n\n\t\t\t\t\t\t<div class=\"item-hover\">\n\t\t\t\t\t\t\t<div class=\"item-inner\">\n\t\t\t\t\t\t\t\t<h4 class=\"item-title\"><\/h4>\n\t\t\t\t\t\t\t<\/div>\n\t\t\t\t\t\t<\/div>\n\t\t\t\t\t<\/a>\n\t\t\t\t\t\t\t<\/li>\n\t\t\t\t\t<li class=\"fly-gallery-item width2\">\n\t\t\t\t\t\t\t\t\t<a data-rel=\"g-6134f0a3ba4a06aa49ff692313258fe2\" href=\"\/\/pobladoambiental.com\/wp-content\/uploads\/2021\/03\/REUNIONES20150205_180045.jpg\" title=\"\" class=\"item-link swipebox\">\n\t\t\t\t\t\t<span class=\"item-image\" style=\"background-image: url(\/\/pobladoambiental.com\/wp-content\/uploads\/2021\/03\/REUNIONES20150205_180045.jpg);\"><\/span>\n\n\t\t\t\t\t\t<div class=\"item-hover\">\n\t\t\t\t\t\t\t<div class=\"item-inner\">\n\t\t\t\t\t\t\t\t<h4 class=\"item-title\"><\/h4>\n\t\t\t\t\t\t\t<\/div>\n\t\t\t\t\t\t<\/div>\n\t\t\t\t\t<\/a>\n\t\t\t\t\t\t\t<\/li>\n\t\t\t\t\t<li class=\"fly-gallery-item width2 height2\">\n\t\t\t\t\t\t\t\t\t<a data-rel=\"g-6134f0a3ba4a06aa49ff692313258fe2\" href=\"\/\/pobladoambiental.com\/wp-content\/uploads\/2021\/03\/REUNIONESIMG_7621.jpg\" title=\"\" class=\"item-link swipebox\">\n\t\t\t\t\t\t<span class=\"item-image\" style=\"background-image: url(\/\/pobladoambiental.com\/wp-content\/uploads\/2021\/03\/REUNIONESIMG_7621.jpg);\"><\/span>\n\n\t\t\t\t\t\t<div class=\"item-hover\">\n\t\t\t\t\t\t\t<div class=\"item-inner\">\n\t\t\t\t\t\t\t\t<h4 class=\"item-title\"><\/h4>\n\t\t\t\t\t\t\t<\/div>\n\t\t\t\t\t\t<\/div>\n\t\t\t\t\t<\/a>\n\t\t\t\t\t\t\t<\/li>\n\t\t\t\t\t<li class=\"fly-gallery-item height2\">\n\t\t\t\t\t\t\t\t\t<a data-rel=\"g-6134f0a3ba4a06aa49ff692313258fe2\" href=\"\/\/pobladoambiental.com\/wp-content\/uploads\/2021\/03\/REUNIONESIMG_7618.jpg\" title=\"\" class=\"item-link swipebox\">\n\t\t\t\t\t\t<span class=\"item-image\" style=\"background-image: url(\/\/pobladoambiental.com\/wp-content\/uploads\/2021\/03\/REUNIONESIMG_7618.jpg);\"><\/span>\n\n\t\t\t\t\t\t<div class=\"item-hover\">\n\t\t\t\t\t\t\t<div class=\"item-inner\">\n\t\t\t\t\t\t\t\t<h4 class=\"item-title\"><\/h4>\n\t\t\t\t\t\t\t<\/div>\n\t\t\t\t\t\t<\/div>\n\t\t\t\t\t<\/a>\n\t\t\t\t\t\t\t<\/li>\n\t\t\t\t\t<li class=\"fly-gallery-item width2\">\n\t\t\t\t\t\t\t\t\t<a data-rel=\"g-6134f0a3ba4a06aa49ff692313258fe2\" href=\"\/\/pobladoambiental.com\/wp-content\/uploads\/2021\/03\/REUNIONESDSC02290.jpg\" title=\"\" class=\"item-link swipebox\">\n\t\t\t\t\t\t<span class=\"item-image\" style=\"background-image: url(\/\/pobladoambiental.com\/wp-content\/uploads\/2021\/03\/REUNIONESDSC02290.jpg);\"><\/span>\n\n\t\t\t\t\t\t<div class=\"item-hover\">\n\t\t\t\t\t\t\t<div class=\"item-inner\">\n\t\t\t\t\t\t\t\t<h4 class=\"item-title\"><\/h4>\n\t\t\t\t\t\t\t<\/div>\n\t\t\t\t\t\t<\/div>\n\t\t\t\t\t<\/a>\n\t\t\t\t\t\t\t<\/li>\n\t\t\t\t\t<li class=\"fly-gallery-item grid-sizer\">\n\t\t\t\t\t\t\t\t\t<a data-rel=\"g-6134f0a3ba4a06aa49ff692313258fe2\" href=\"\/\/pobladoambiental.com\/wp-content\/uploads\/2021\/03\/REUNIONESDSC02298.jpg\" title=\"\" class=\"item-link swipebox\">\n\t\t\t\t\t\t<span class=\"item-image\" style=\"background-image: url(\/\/pobladoambiental.com\/wp-content\/uploads\/2021\/03\/REUNIONESDSC02298.jpg);\"><\/span>\n\n\t\t\t\t\t\t<div class=\"item-hover\">\n\t\t\t\t\t\t\t<div class=\"item-inner\">\n\t\t\t\t\t\t\t\t<h4 class=\"item-title\"><\/h4>\n\t\t\t\t\t\t\t<\/div>\n\t\t\t\t\t\t<\/div>\n\t\t\t\t\t<\/a>\n\t\t\t\t\t\t\t<\/li>\n\t\t\t\t\t<li class=\"fly-gallery-item grid-sizer\">\n\t\t\t\t\t\t\t\t\t<a data-rel=\"g-6134f0a3ba4a06aa49ff692313258fe2\" href=\"\/\/pobladoambiental.com\/wp-content\/uploads\/2021\/03\/REUNIONESIMG_1422-19-12-2013.jpg\" title=\"\" class=\"item-link swipebox\">\n\t\t\t\t\t\t<span class=\"item-image\" style=\"background-image: url(\/\/pobladoambiental.com\/wp-content\/uploads\/2021\/03\/REUNIONESIMG_1422-19-12-2013.jpg);\"><\/span>\n\n\t\t\t\t\t\t<div class=\"item-hover\">\n\t\t\t\t\t\t\t<div class=\"item-inner\">\n\t\t\t\t\t\t\t\t<h4 class=\"item-title\"><\/h4>\n\t\t\t\t\t\t\t<\/div>\n\t\t\t\t\t\t<\/div>\n\t\t\t\t\t<\/a>\n\t\t\t\t\t\t\t<\/li>\n\t\t\t\t\t<li class=\"fly-gallery-item width2\">\n\t\t\t\t\t\t\t\t\t<a data-rel=\"g-6134f0a3ba4a06aa49ff692313258fe2\" href=\"\/\/pobladoambiental.com\/wp-content\/uploads\/2021\/03\/REUNIONESIMG_1441-19-12-2013.jpg\" title=\"\" class=\"item-link swipebox\">\n\t\t\t\t\t\t<span class=\"item-image\" style=\"background-image: url(\/\/pobladoambiental.com\/wp-content\/uploads\/2021\/03\/REUNIONESIMG_1441-19-12-2013.jpg);\"><\/span>\n\n\t\t\t\t\t\t<div class=\"item-hover\">\n\t\t\t\t\t\t\t<div class=\"item-inner\">\n\t\t\t\t\t\t\t\t<h4 class=\"item-title\"><\/h4>\n\t\t\t\t\t\t\t<\/div>\n\t\t\t\t\t\t<\/div>\n\t\t\t\t\t<\/a>\n\t\t\t\t\t\t\t<\/li>\n\t\t\t<\/ul>\n<\/div>\n<!--\/ Gallery -->\t<\/div>\n<\/div>\n\n<\/div>\n\n\n<div class=\"row\">\n\t\n<div class=\"col-md-12   sh-219c2ad0d27838a59528983b432c4657\">\n\t<div class=\"fly-col-inner none\" >\n\t\t\n<div class=\"text-center\"><a href=\"#\" target=\"_self\"   class=\"btn sh-6eeb08f2ed43b4a4af919ff0b18fe17c btn-lg btn-round btn-fill \">\n\tANTECENDENTES MESA AMBIENTAL<\/a>\n<\/div>\t<\/div>\n<\/div>\n\n<\/div>\n\n\n<div class=\"row\">\n\t\n<div class=\"col-md-12   sh-219c2ad0d27838a59528983b432c4657\">\n\t<div class=\"fly-col-inner none\" >\n\t\t<div class=\"space-md \" ><\/div>\t<\/div>\n<\/div>\n\n<\/div>\n\n\t<\/div>\n<\/section>\n<\/p>\n","protected":false},"excerpt":{"rendered":"<p>HISTORIA \u2666 Mesa Ambiental El Poblado PLATAFORMA ESTRATEGICA \u2666 La plataforma estrat\u00e9gica integra la raz\u00f3n de ser de la mesa, sus objetivos, valores, sus aspiraciones, funciones y estructura. BASES LEGALES [&hellip;]<\/p>\n","protected":false},"author":1,"featured_media":0,"parent":0,"menu_order":0,"comment_status":"closed","ping_status":"closed","template":"page-builder.php","meta":[],"_links":{"self":[{"href":"https:\/\/pobladoambiental.com\/index.php?rest_route=\/wp\/v2\/pages\/240"}],"collection":[{"href":"https:\/\/pobladoambiental.com\/index.php?rest_route=\/wp\/v2\/pages"}],"about":[{"href":"https:\/\/pobladoambiental.com\/index.php?rest_route=\/wp\/v2\/types\/page"}],"author":[{"embeddable":true,"href":"https:\/\/pobladoambiental.com\/index.php?rest_route=\/wp\/v2\/users\/1"}],"replies":[{"embeddable":true,"href":"https:\/\/pobladoambiental.com\/index.php?rest_route=%2Fwp%2Fv2%2Fcomments&post=240"}],"version-history":[{"count":27,"href":"https:\/\/pobladoambiental.com\/index.php?rest_route=\/wp\/v2\/pages\/240\/revisions"}],"predecessor-version":[{"id":10756,"href":"https:\/\/pobladoambiental.com\/index.php?rest_route=\/wp\/v2\/pages\/240\/revisions\/10756"}],"wp:attachment":[{"href":"https:\/\/pobladoambiental.com\/index.php?rest_route=%2Fwp%2Fv2%2Fmedia&parent=240"}],"curies":[{"name":"wp","href":"https:\/\/api.w.org\/{rel}","templated":true}]}}