{"id":461,"date":"2017-01-28T09:55:29","date_gmt":"2017-01-28T14:55:29","guid":{"rendered":"http:\/\/pobladoambiental.com\/?page_id=461"},"modified":"2021-03-13T23:27:27","modified_gmt":"2021-03-14T04:27:27","slug":"documentos","status":"publish","type":"page","link":"https:\/\/pobladoambiental.com\/?page_id=461","title":{"rendered":"DOCUMENTOS Y ACTAS"},"content":{"rendered":"<p><section  class=\" section-header-styled section-text-white section-bg-image section-height-lg parallax filter\" style=\"background-image: url(\/\/pobladoambiental.com\/wp-content\/uploads\/2017\/02\/slide-11.jpg); \">\n\t\t\t\t<div class=\"container\">\n\t\t\n<div class=\"row\">\n\t\n<div class=\"col-md-12   sh-b3b639dc46c205b5b7ec4e945e5cc660\">\n\t<div class=\"fly-col-inner none\" >\n\t\t<div class=\" custom-space \" style=\"height:270px;\"><\/div>\t<\/div>\n<\/div>\n\n<\/div>\n\n\n<div class=\"row\">\n\t\n<div class=\"col-md-12   sh-b3b639dc46c205b5b7ec4e945e5cc660\">\n\t<div class=\"fly-col-inner none\" >\n\t\t<div class=\"fw-heading  sh-aadfd348739a6bdf4db5e54a7e1d4192 fw-heading-h1 fw-heading-center\">\n\t\t<h1 class='fw-special-title'>Documentos y Actas<\/h1>\t\t\t<div class=\"separator separator-danger\">\u2666<\/div>\n\t\t\t\t<div class=\"description\">Repositorio de documentos MAP<\/div>\n\t<\/div>\t<\/div>\n<\/div>\n\n<\/div>\n\n\n<div class=\"row\">\n\t\n<div class=\"col-md-12   sh-b3b639dc46c205b5b7ec4e945e5cc660\">\n\t<div class=\"fly-col-inner none\" >\n\t\t<div class=\"space-md \" ><\/div>\t<\/div>\n<\/div>\n\n<\/div>\n\n\t<\/div>\n<\/section>\n<section  class=\" auto\" style=\" \">\n\t\t\t\t<div class=\"container\">\n\t\t\n<div class=\"row\">\n\t\n<div class=\"col-md-6   sh-d68caaec00c5fda05c29df21348dcd2c\">\n\t<div class=\"fly-col-inner none\" >\n\t\t<div class=\"space-lg \" ><\/div><div class=\"fw-heading  sh-71d82042f74f8096cdcc49389c9b7131 fw-heading-h2 fw-heading-center\">\n\t\t<h2 class='fw-special-title'>Documentos<\/h2>\t\t\t<div class=\"separator separator-danger\">\u2666<\/div>\n\t\t<\/div>\n<div class=\"text-center\"><a href=\"http:\/\/pobladoambiental.com\/wp-content\/uploads\/2021\/03\/ACUERDO-21-DE-2007-PUBLICADO-EN-GACETA-3034.pdf\" target=\"_self\"   class=\"btn sh-f0d08457e82a5847bc4de3d3d3b10956 btn-lg btn-no-round btn-fill \">\n\tACUERDO 21 DE 2007 PUBLICADO EN GACETA 3034<\/a>\n<\/div><div class=\"space-sm \" ><\/div>\n<div class=\"text-center\"><a href=\"http:\/\/pobladoambiental.com\/wp-content\/uploads\/2021\/03\/Acuerdo-03-de-2009-Mesas-Ambientales-De-Med.pdf\" target=\"_self\"   class=\"btn sh-b5312e1da1946bd76324ea316c9024e7 btn-lg btn-no-round btn-fill \">\n\tACUERDO 03 de 2009 Mesas Ambientales de Medell\u00edn<\/a>\n<\/div><div class=\"space-sm \" ><\/div>\n<div class=\"text-center\"><a href=\"http:\/\/pobladoambiental.com\/wp-content\/uploads\/2021\/03\/20200929-Certificacion-MAP.pdf.pdf\" target=\"_self\"   class=\"btn sh-d68b02bf74936d71230892f2c83c45a4 btn-lg btn-no-round btn-fill \">\n\tCertificaci\u00f3n MAP<\/a>\n<\/div><div class=\"space-sm \" ><\/div>\n<div class=\"text-center\"><a href=\"http:\/\/pobladoambiental.com\/wp-content\/uploads\/2021\/03\/20200923-Certificacion-JAC-Gonzalez.pdf\" target=\"_self\"   class=\"btn sh-7c5fc4defc79a09a3cc8ef132623d398 btn-lg btn-no-round btn-fill \">\n\tCertificaci\u00f3n JAC Gonz\u00e1lez<\/a>\n<\/div>\t<\/div>\n<\/div>\n\n\n<div class=\"col-md-6   sh-f3588732c4a0176da4ea22e2173b9186\">\n\t<div class=\"fly-col-inner none\" >\n\t\t<div class=\"space-lg \" ><\/div><div class=\"fw-heading  sh-4ff457ab8f9847b0873d204141a1e51d fw-heading-h2 fw-heading-center\">\n\t\t<h2 class='fw-special-title'>Actas<\/h2>\t\t\t<div class=\"separator separator-danger\">\u2666<\/div>\n\t\t<\/div>\n<div class=\"text-center\"><a href=\"http:\/\/pobladoambiental.com\/wp-content\/uploads\/2021\/03\/20171021-Acta-N\u00b04.pdf\" target=\"_self\"   class=\"btn sh-d6e2b8f353bc56b4e07119981054ff1d btn-lg btn-no-round btn-fill \">\n\tActa N\u00b04<\/a>\n<\/div><div class=\"space-md \" ><\/div>\t<\/div>\n<\/div>\n\n<\/div>\n\n\t<\/div>\n<\/section>\n<\/p>\n","protected":false},"excerpt":{"rendered":"<p>Documentos y Actas \u2666 Repositorio de documentos MAP Documentos \u2666 ACUERDO 21 DE 2007 PUBLICADO EN GACETA 3034 ACUERDO 03 de 2009 Mesas Ambientales de Medell\u00edn Certificaci\u00f3n MAP Certificaci\u00f3n JAC [&hellip;]<\/p>\n","protected":false},"author":1,"featured_media":0,"parent":0,"menu_order":0,"comment_status":"closed","ping_status":"closed","template":"brizy-blank-template.php","meta":[],"_links":{"self":[{"href":"https:\/\/pobladoambiental.com\/index.php?rest_route=\/wp\/v2\/pages\/461"}],"collection":[{"href":"https:\/\/pobladoambiental.com\/index.php?rest_route=\/wp\/v2\/pages"}],"about":[{"href":"https:\/\/pobladoambiental.com\/index.php?rest_route=\/wp\/v2\/types\/page"}],"author":[{"embeddable":true,"href":"https:\/\/pobladoambiental.com\/index.php?rest_route=\/wp\/v2\/users\/1"}],"replies":[{"embeddable":true,"href":"https:\/\/pobladoambiental.com\/index.php?rest_route=%2Fwp%2Fv2%2Fcomments&post=461"}],"version-history":[{"count":14,"href":"https:\/\/pobladoambiental.com\/index.php?rest_route=\/wp\/v2\/pages\/461\/revisions"}],"predecessor-version":[{"id":10651,"href":"https:\/\/pobladoambiental.com\/index.php?rest_route=\/wp\/v2\/pages\/461\/revisions\/10651"}],"wp:attachment":[{"href":"https:\/\/pobladoambiental.com\/index.php?rest_route=%2Fwp%2Fv2%2Fmedia&parent=461"}],"curies":[{"name":"wp","href":"https:\/\/api.w.org\/{rel}","templated":true}]}}